{"id":174,"date":"2024-05-08T14:30:50","date_gmt":"2024-05-08T18:30:50","guid":{"rendered":"https:\/\/demo.swlauriersb.vortexdev.com\/services\/"},"modified":"2024-06-18T10:20:59","modified_gmt":"2024-06-18T14:20:59","slug":"services","status":"publish","type":"page","link":"https:\/\/demo.swlauriersb.vortexdev.com\/fr\/services\/","title":{"rendered":"Services"},"content":{"rendered":"\n<h2 class=\"wp-block-heading\"><strong>Bilinguisme<\/strong><\/h2>\n\n\n\n<p>Tout le contenu de votre site Web doit \u00eatre publi\u00e9 en anglais et en fran\u00e7ais pour respecter les exigences de l\u2019OQLF.<br>Le contenu doit \u00eatre disponible en fran\u00e7ais en m\u00eame temps que le contenu anglais.<br>Cela signifie que tout bulletin d\u2019information, document PDF, image avec l\u00e9gendes, notes de service et autres doivent \u00eatre traduits en fran\u00e7ais avant d\u2019\u00eatre affich\u00e9s sur le site Web.<br>Pour faciliter le processus de traduction, vous pouvez utiliser notre licence professionnelle avec Reverso, un outil de traduction automatique\u2026<\/p>\n\n\n\n<p> (<a href=\"https:\/\/www.reverso.net\/text-translation\">https:\/\/www.reverso.net\/text-translation<\/a>)<\/p>\n","protected":false},"excerpt":{"rendered":"<p>Bilinguisme Tout le contenu de votre site Web doit \u00eatre publi\u00e9 en anglais et en fran\u00e7ais pour respecter les exigences de l\u2019OQLF.Le contenu doit \u00eatre disponible en fran\u00e7ais en m\u00eame temps que le contenu anglais.Cela signifie que tout bulletin d\u2019information, document PDF, image avec l\u00e9gendes, notes de service et autres doivent \u00eatre traduits en fran\u00e7ais&hellip;<\/p>\n","protected":false},"author":1,"featured_media":0,"parent":0,"menu_order":0,"comment_status":"closed","ping_status":"closed","template":"","meta":{"_acf_changed":false,"_relevanssi_hide_post":"","_relevanssi_hide_content":"","_relevanssi_pin_for_all":"","_relevanssi_pin_keywords":"","_relevanssi_unpin_keywords":"","_relevanssi_related_keywords":"","_relevanssi_related_include_ids":"","_relevanssi_related_exclude_ids":"","_relevanssi_related_no_append":"","_relevanssi_related_not_related":"","_relevanssi_related_posts":"","_relevanssi_noindex_reason":"","footnotes":""},"acf":[],"_links":{"self":[{"href":"https:\/\/demo.swlauriersb.vortexdev.com\/fr\/wp-json\/wp\/v2\/pages\/174"}],"collection":[{"href":"https:\/\/demo.swlauriersb.vortexdev.com\/fr\/wp-json\/wp\/v2\/pages"}],"about":[{"href":"https:\/\/demo.swlauriersb.vortexdev.com\/fr\/wp-json\/wp\/v2\/types\/page"}],"author":[{"embeddable":true,"href":"https:\/\/demo.swlauriersb.vortexdev.com\/fr\/wp-json\/wp\/v2\/users\/1"}],"replies":[{"embeddable":true,"href":"https:\/\/demo.swlauriersb.vortexdev.com\/fr\/wp-json\/wp\/v2\/comments?post=174"}],"version-history":[{"count":1,"href":"https:\/\/demo.swlauriersb.vortexdev.com\/fr\/wp-json\/wp\/v2\/pages\/174\/revisions"}],"predecessor-version":[{"id":176,"href":"https:\/\/demo.swlauriersb.vortexdev.com\/fr\/wp-json\/wp\/v2\/pages\/174\/revisions\/176"}],"wp:attachment":[{"href":"https:\/\/demo.swlauriersb.vortexdev.com\/fr\/wp-json\/wp\/v2\/media?parent=174"}],"curies":[{"name":"wp","href":"https:\/\/api.w.org\/{rel}","templated":true}]}}